{"id":355,"date":"2018-04-04T17:59:29","date_gmt":"2018-04-04T16:59:29","guid":{"rendered":"http:\/\/www.maximilianvonthien.de\/index.php\/?page_id=355"},"modified":"2024-10-19T18:17:27","modified_gmt":"2024-10-19T16:17:27","slug":"privacy","status":"publish","type":"page","link":"https:\/\/www.maximilianvonthien.de\/index.php\/privacy\/","title":{"rendered":"Datenschutz"},"content":{"rendered":"<p>Diese Seite enth\u00e4lt Informationen \u00fcber die Verarbeitung personenbezogener Daten auf http:\/\/www.maximilianvonthien.de (&#171;die Webseite&#187;).<\/p>\n<p>&#171;Personenbezogene Daten&#187; gem\u00e4\u00df Art. 4 Nr. 1 der Datenschutzgrundverordnung (DSGVO) meint alle Daten, mithilfe derer Sie pers\u00f6nlich identifiziert werden k\u00f6nnen oder identifizierbar sind, z. B. Ihr Name, Ihre Anschrift, Ihre E-Mail-Adresse oder Ihr Nutzerverhalten.<\/p>\n<p>&#171;Verantwortlicher&#187; gem\u00e4\u00df Art. 4 Nr. 7 DSGVO ist die nat\u00fcrliche oder juristische Person, welche die Zwecke und Mittel der Verarbeitung personenbezogener Daten bestimmt. Verantwortlicher mit Blick auf die Verarbeitung personenbezogener Daten auf der Webseite ist<\/p>\n<p style=\"text-align: center;\"><strong>Dr. Maximilian Vonthien<br \/>Gartenstra\u00dfe 32<br \/>13127 Berlin<\/strong><\/p>\n<p style=\"text-align: center;\"><strong>E-Mail: <\/strong>&#x6b;&#111;&#x6e;&#x74;a&#x6b;&#116;&#64;&#x6d;&#97;x&#x69;&#109;&#x69;&#x6c;i&#x61;&#110;v&#x6f;&#110;t&#x68;&#105;&#x65;&#x6e;&#46;&#x64;&#x65;<\/p>\n<p style=\"text-align: center;\">(im Folgenden: &#171;Verantwortlicher&#187;, Ich-Form).<\/p>\n<p>Wenn Sie per E-Mail oder \u00fcber <a href=\"https:\/\/www.maximilianvonthien.de\/index.php\/kontakt\/\">dieses Formular<\/a> Kontakt mit mir aufnehmen, werden die von Ihnen mitgeteilten Daten (Name, E-Mail-Adresse und ihre Nachricht) von mir gespeichert, um Ihre Fragen beantworten bzw. Ihr Anliegen bearbeiten zu k\u00f6nnen. Die in diesem Zusammenhang anfallenden Daten werde ich l\u00f6schen, nachdem die Speicherung nicht mehr erforderlich ist. Alternativ schr\u00e4nke ich die Verarbeitung ein, falls gesetzliche Aufbewahrungspflichten bestehen.<\/p>\n<h3>1. Erhebung personenbezogener Daten beim Besuch der Webseite<\/h3>\n<p>Sobald Sie die Webseite besuchen, erhebe ich nur Ihre personenbezogenen Daten, welche Ihr Browser an mich \u00fcbermittelt und die erforderlich sind, damit Sie die Webseite aufrufen, betrachten und mit ihr auf sichere und stabile Weise interagieren k\u00f6nnen. Dies gilt unabh\u00e4ngig davon, ob Sie anderweitig aktiv Informationen an mich \u00fcbermitteln. Die Rechtsgrundlage f\u00fcr die Erhebung dieser Daten ist Art. 6 Abs. 1 S. 1 lit. f) DSGVO.<\/p>\n<p>Die genannten Daten sind:<\/p>\n<p>&#8211;\u00a0\u00a0\u00a0\u00a0\u00a0\u00a0 Ihre IP-Adresse<\/p>\n<p>&#8211;\u00a0\u00a0\u00a0\u00a0\u00a0\u00a0 Datum und Uhrzeit Ihres Besuchs unserer Webseite<\/p>\n<p>&#8211;\u00a0\u00a0\u00a0\u00a0\u00a0\u00a0 Die Zeitzonendifferenz zur Greenwich Mean Time (GMT)<\/p>\n<p>&#8211;\u00a0\u00a0\u00a0\u00a0\u00a0\u00a0 Der Zugriffsstatus\/http-Statuscode<\/p>\n<p>&#8211;\u00a0\u00a0\u00a0\u00a0\u00a0\u00a0 Die jeweils \u00fcbertragene Datenmenge<\/p>\n<p>&#8211;\u00a0\u00a0\u00a0\u00a0\u00a0\u00a0 Die Webseite, von der die Anforderung kommt<\/p>\n<p>&#8211;\u00a0\u00a0\u00a0\u00a0\u00a0\u00a0 Der von Ihnen verwendete Browser<\/p>\n<p>&#8211;\u00a0\u00a0\u00a0\u00a0\u00a0\u00a0 Das von Ihnen verwendete Betriebssystem und dessen Oberfl\u00e4che<\/p>\n<p>&#8211;\u00a0\u00a0\u00a0\u00a0\u00a0\u00a0 Die Sprache und Version der Ihrer Browsersoftware<\/p>\n<h3>2. Cookies<\/h3>\n<p>Auf dieser Webseite werden Cookies eingesetzt. Hierbei handelt es sich um kleine Textdateien, welche von einem Webserver auf Ihrem Endger\u00e4t mithilfe Ihres Browsers gespeichert werden. Durch Cookies flie\u00dfen demjenigen, welcher sie einsetzt, bestimmte Informationen zu. Beachten Sie aber: Cookies sind nicht in der Lage, Programme oder gar Viren auf Ihrem Endger\u00e4t auszuf\u00fchren. Sie haben vielmehr den Zweck, das auf dieser Webseite bereitgestellte Angebot an die Nutzerbed\u00fcrfnisse anzupassen.<\/p>\n<p>Es gibt verschiedene Arten von Cookies. Es gibt zum einen Cookies, welche technisch zwingend erforderlich sind, um die Webseite aufzurufen und durch sie navigieren zu k\u00f6nnen. Derartige Cookies d\u00fcrfen auch ohne Ihre gesonderte Einwilligung eingesetzt werden (Art. 5 Abs. 3 S. 2 RL 2002\/58\/EG).<\/p>\n<p>Daneben gibt es Cookies, welche Informationen dar\u00fcber sammeln, wie Sie die Webseite nutzen, welche Seiten Sie besuchen und ob es zu Fehlern beim Betrachten einzelner Seiten dieser Webseite gekommen ist. Zu solchen Cookies z\u00e4hlen insbesondere Analyse-\/Statistik-\/Marketing- oder Werbe-Cookies.<\/p>\n<p>Gegenw\u00e4rtig werden \u00fcber diese Webseite nur technisch notwendige Cookies eingesetzt. Analyse-\/Statistik-\/Marketing- oder Werbe-Cookies finden keine Verwendung.<\/p>\n<h3>3. Social Media Plug-ins<\/h3>\n<p>Derzeit setze ich die folgenden Social-Media-Plugins ein: Twitter und LinkedIn. Hierbei verwende ich die sog. Shariff-L\u00f6sung. Nach dieser Methode wird der direkte Kontakt zwischen Ihnen und dem jeweiligen sozialen Netzwerk erst dann hergestellt, wenn Sie aktiv auf den jeweiligen Share-Button klicken. Im Gegensatz zu \u00fcblichen Share-Buttons, werden also nicht bereits bei Seitenaufruf User-Daten an das soziale Netzwerk \u00fcbertragen. N\u00e4here Informationen dazu finden Sie hier: <a href=\"https:\/\/www.heise.de\/ct\/artikel\/Shariff-Social-Media-Buttons-mit-Datenschutz-2467514.html\">https:\/\/www.heise.de\/ct\/artikel\/Shariff-Social-Media-Buttons-mit-Datenschutz-2467514.html<\/a>. Nur wenn Sie auf das markierte Feld des jeweiligen sozialen Netzwerks klicken und es dadurch aktivieren, erh\u00e4lt das jeweilige soziale Netzwerk die Information, dass Sie die Webseite aufgerufen haben. Zudem k\u00f6nnen die unter Ziff. 1 dieser Datenschutzerkl\u00e4rung aufgef\u00fchrten Daten \u00fcbermittelt werden. Die \u00dcbermittlung solcher Daten kann dabei auch dann erfolgen, wenn Sie kein Konto bei dem jeweiligen sozialen Netzwerk eingerichtet haben.<\/p>\n<p>Ich habe weder Einfluss auf die erhobenen Daten und Datenverarbeitungsvorg\u00e4nge noch ist mir der volle Umfang der Datenerhebung, die Zwecke der Verarbeitung oder die Speicherfristen bekannt.\u00a0<\/p>\n<p>Das jeweilige soziale Netzwerk speichert die \u00fcber Sie erhobenen Daten als Nutzungsprofile und nutzt diese f\u00fcr Zwecke der Werbung, Marktforschung und\/oder einer individualisierten Gestaltung des Webauftritts des Netzwerks. Wenn Sie mit dieser Nutzung Ihrer Daten nicht einverstanden sind, m\u00fcssen Sie sich an das jeweilige soziale Netzwerk wenden und der Nutzung dort widersprechen.<\/p>\n<p>Weitere Informationen hinsichtlich Zweck und Umfang der Datenverarbeitung durch die jeweiligen sozialen Netzwerke erhalten Sie in den dortigen Datenschutzerkl\u00e4rungen.<\/p>\n<p>Twitter: <a href=\"https:\/\/twitter.com\/privacy\">https:\/\/twitter.com\/privacy<\/a><\/p>\n<p>LinkedIn: <a href=\"http:\/\/www.linkedin.com\/legal\/privacy-policy\">http:\/\/www.linkedin.com\/legal\/privacy-policy<\/a><\/p>\n<h3>4. Social Media-Pr\u00e4senz<\/h3>\n<p>Wir unterhalten auf dem sozialen Netzwerk <span style=\"font-style: italic;\">Twitter<\/span> eine Social Media-Pr\u00e4senz (im Folgenden: &#171;Seite&#187;) unter der Bezeichnung @Taschenlampenkonzert. Hierf\u00fcr greifen wir auf die technische Plattform und die Dienste der Twitter, Inc., 1355 Market Street, Suite 900, San Francisco, CA 94103, USA zur\u00fcck.<\/p>\n<p>Wir weisen Sie darauf hin, dass Sie den hier angebotenen Twitter-Kurznachrichtendienst und dessen Funktionen in eigener Verantwortung nutzen. Dies gilt insbesondere f\u00fcr die Nutzung der interaktiven Funktionen (z.B. Teilen, Bewerten).<\/p>\n<p>Die bei der Nutzung des Dienstes \u00fcber Sie erhobenen Daten werden von der Twitter Inc. verarbeitet und dabei gegebenenfalls in L\u00e4nder au\u00dferhalb der Europ\u00e4ischen Union \u00fcbertragen. Hierbei handelt es sich u.a. um Ihre IP-Adresse, die genutzte Applikation, Angaben zu dem von Ihnen genutzten Endger\u00e4t (einschlie\u00dflich Ger\u00e4te-ID und Applikations-ID), Informationen aufgerufener Webseiten, Ihren Standort und Ihren Mobilfunkanbieter.<\/p>\n<p>Diese Daten werden den Daten Ihres Twitter-Kontos bzw. Ihrem Twitter-Profil zugeordnet. Wir haben keinen Einfluss auf Art und Umfang der durch Twitter verarbeiteten Daten, die Art der Verarbeitung und Nutzung oder die Weitergabe dieser Daten an Dritte. Angaben dar\u00fcber, welche Daten durch Twitter verarbeitet und zu welchen Zwecken genutzt werden, finden Sie in der Datenschutzerkl\u00e4rung von Twitter (<a href=\"https:\/\/twitter.com\/privacy?lang=de\">https:\/\/twitter.com\/privacy?lang=de<\/a> ) sowie \u00fcber die M\u00f6glichkeit, eigene Daten bei Twitter einsehen zu k\u00f6nnen (<a href=\"https:\/\/help.twitter.com\/de\/managing-your-account\/accessing-your-twitter-data\">https:\/\/help.twitter.com\/de\/managing-your-account\/accessing-your-twitter-data<\/a> ). Weiterhin haben Sie die M\u00f6glichkeit, \u00fcber das Twitter-Datenschutzformular oder die Archivanforderungen Informationen anzufordern: <a href=\"https:\/\/support.twitter.com\/forms\/privacy\">https:\/\/support.twitter.com\/forms\/privacy<\/a>\u00a0<\/p>\n<p>Dar\u00fcber hinaus werden Direktnachrichten und Kommentare zeitlich unbegrenzt auf der Seite gespeichert. Die Kommentare k\u00f6nnen von anderen Nutzern eingesehen werden.<\/p>\n<h3>5. Pflicht zur Bereitstellung personenbezogener Daten<\/h3>\n<p>Sie sind nicht zur Bereitstellung Ihrer personenbezogenen Daten mir gegen\u00fcber verpflichtet. Beachten Sie jedoch, dass die Bereitstellung der in Ziff. 1 erl\u00e4uterten Daten durch Sie erforderlich ist, damit Sie die Webseite aufrufen, betrachten und mit ihr auf sichere und stabile Weise interagieren k\u00f6nnen.<\/p>\n<h3>6. Speicherdauer<\/h3>\n<p>Ihre Daten werden gel\u00f6scht, sobald ihre Verarbeitung nicht mehr erforderlich ist und auch keine gesetzlichen Aufbewahrungsfristen einer L\u00f6schung entgegenstehen.<\/p>\n<h3>7. Weitergabe Ihrer Daten an Dritte<\/h3>\n<p>Ich gebe Ihre Daten nur in den folgenden abschlie\u00dfend aufgef\u00fchrten F\u00e4llen an Dritte weiter:<\/p>\n<p>&#8211; Sie haben mir eine ausdr\u00fcckliche Einwilligung in die Weitergabe nach Art. 6 Abs. 1 S. 1 lit. a DSGVO erteilt,<\/p>\n<p>&#8211; die Weitergabe Ihrer Daten ist nach Art. 6 Abs. 1 S. 1 lit. f DSGVO zur Geltendmachung, Aus\u00fcbung oder Verteidigung von Rechtsanspr\u00fcchen erforderlich und es besteht kein Grund zur Annahme, dass Sie ein \u00fcberwiegendes schutzw\u00fcrdiges Interesse an der Nichtweitergabe Ihrer Daten haben,<\/p>\n<p>&#8211; es existiert eine gesetzliche Verpflichtung gem\u00e4\u00df Art. 6 Abs. 1 S. 1 lit. c DSGVO, aufgrund derer ich Ihre Daten weitergeben muss,<\/p>\n<p>&#8211; die Weitergabe Ihrer Daten ist nach Art. 6 Abs. 1 S. 1 lit. b DSGVO f\u00fcr die Abwicklung von Vertragsverh\u00e4ltnissen mit Ihnen erforderlich.<\/p>\n<h3>8. Ihre Rechte<\/h3>\n<p>Sie haben mir gegen\u00fcber folgende Rechte hinsichtlich der Sie betreffenden personenbezogenen Daten:<\/p>\n<h4>a. Recht auf Auskunft<\/h4>\n<p>Sie haben das Recht, vom Verantwortlichen eine Best\u00e4tigung dar\u00fcber zu verlangen, ob Sie betreffende personenbezogene Daten verarbeitet werden.<\/p>\n<h4>b. Recht auf Berichtigung<\/h4>\n<p>Sie haben das Recht, von dem Verantwortlichen unverz\u00fcglich die Berichtigung sie betreffender unrichtiger personenbezogener Daten zu verlangen. Unter Ber\u00fccksichtigung der Zwecke der Verarbeitung haben Sie das Recht, die Vervollst\u00e4ndigung unvollst\u00e4ndiger personenbezogener Daten \u2013 auch mittels einer erg\u00e4nzenden Erkl\u00e4rung \u2013 zu verlangen.<\/p>\n<h4>c. Recht auf L\u00f6schung<\/h4>\n<p>Sie haben das Recht, von dem Verantwortlichen zu verlangen, dass Sie betreffende personenbezogene Daten unverz\u00fcglich gel\u00f6scht werden, und der Verantwortliche ist verpflichtet, personenbezogene Daten unverz\u00fcglich zu l\u00f6schen, sofern einer der folgenden Gr\u00fcnde zutrifft:<\/p>\n<p>&#8211; Die personenbezogenen Daten sind f\u00fcr die Zwecke, f\u00fcr die sie erhoben oder auf sonstige Weise verarbeitet wurden, nicht mehr notwendig.<\/p>\n<p>&#8211; Sie widerrufen Ihre Einwilligung, auf die sich die Verarbeitung gem\u00e4\u00df Artikel 6 Absatz 1 lit. a) DSGVO oder Artikel 9 Abs. 2 lit. a) DSGVO st\u00fctzte, und es fehlt an einer anderweitigen Rechtsgrundlage f\u00fcr die Verarbeitung.<\/p>\n<p>&#8211; Sie legen gem\u00e4\u00df Artikel 21 Abs. 1 DSGVO Widerspruch gegen die Verarbeitung ein und es liegen keine vorrangigen berechtigten Gr\u00fcnde f\u00fcr die Verarbeitung vor, oder die betroffene Person legt gem\u00e4\u00df Artikel 21 Abs. 2 DSGVO Widerspruch gegen die Verarbeitung ein.<\/p>\n<p>&#8211; Die personenbezogenen Daten wurden unrechtm\u00e4\u00dfig verarbeitet.<\/p>\n<p>&#8211; Die L\u00f6schung der personenbezogenen Daten ist zur Erf\u00fcllung einer rechtlichen Verpflichtung nach dem Unionsrecht oder dem Recht der Mitgliedsstaaten erforderlich, dem der Verantwortliche unterliegt.<\/p>\n<p>&#8211; Die personenbezogenen Daten wurden in Bezug auf angebotene Dienste der Informationsgesellschaft gem\u00e4\u00df Art. 8 Abs. 1 DSGVO erhoben.<\/p>\n<h4>d. Recht auf Einschr\u00e4nkung der Verarbeitung<\/h4>\n<p>Sie haben das Recht, von dem Verantwortlichen die Einschr\u00e4nkung der Verarbeitung zu verlangen, wenn eine der folgenden Voraussetzungen gegeben ist:<\/p>\n<p>&#8211; die Richtigkeit der personenbezogenen Daten wird von Ihnen bestritten, und zwar f\u00fcr eine Dauer, die es dem Verantwortlichen erm\u00f6glicht, die Richtigkeit der personenbezogenen Daten zu \u00fcberpr\u00fcfen,<\/p>\n<p>&#8211; die Verarbeitung ist unrechtm\u00e4\u00dfig und Sie lehnen die L\u00f6schung der personenbezogenen Daten ab und verlangen stattdessen die Einschr\u00e4nkung der Nutzung der personenbezogenen Daten;<\/p>\n<p>&#8211; der Verantwortliche ben\u00f6tigt die personenbezogenen Daten f\u00fcr die Zwecke der Verarbeitung nicht l\u00e4nger, Sie ben\u00f6tigen sie jedoch zur Geltendmachung, Aus\u00fcbung oder Verteidigung von Rechtsanspr\u00fcchen, oder<\/p>\n<p>&#8211; Sie haben Widerspruch gegen die Verarbeitung gem\u00e4\u00df Artikel 21 Abs. 1 DSGVO eingelegt, solange noch nicht feststeht, ob die berechtigten Gr\u00fcnde des Verantwortlichen gegen\u00fcber Ihren berechtigten Gr\u00fcnden \u00fcberwiegen.<\/p>\n<h4>e. Recht auf Widerspruch gegen die Verarbeitung<\/h4>\n<p>Sie haben das Recht, aus Gr\u00fcnden, die sich aus ihrer besonderen Situation ergeben, jederzeit gegen die Verarbeitung sie betreffender personenbezogener Daten, die aufgrund von Artikel 6 Abs. 1 lit. e) oder f) DSGVO erfolgt, Widerspruch einzulegen; dies gilt auch f\u00fcr ein auf diese Bestimmungen gest\u00fctztes Profiling.<\/p>\n<h4>f. <strong>Recht auf Daten\u00fcbertragbarkeit<\/strong><\/h4>\n<p>Sie haben das Recht, die sie betreffenden personenbezogenen Daten, die sie einem Verantwortlichen bereitgestellt haben, in einem strukturierten, g\u00e4ngigen und maschinenlesbaren Format zu erhalten, und sie hat das Recht, diese Daten einem anderen Verantwortlichen ohne Behinderung durch den Verantwortlichen, dem die personenbezogenen Daten bereitgestellt wurden, zu \u00fcbermitteln, sofern<\/p>\n<p>&#8211; die Verarbeitung auf einer Einwilligung gem\u00e4\u00df Artikel 6 Abs. 1 lit. a) oder Art. 9 Abs. 2 lit. a) oder auf einem Vertrag gem\u00e4\u00df Artikel 6 Abs. 1 lit. b) beruht und<\/p>\n<p>&#8211; die Verarbeitung mithilfe automatisierter Verfahren erfolgt.<\/p>\n<h4>g. Recht auf Beschwerde bei einer Aufsichtsbeh\u00f6rde<\/h4>\n<p>Sie haben ein Beschwerderecht bei einer Aufsichtsbeh\u00f6rde. Zu diesem Zweck k\u00f6nnen Sie sich an die Berliner Beauftragte f\u00fcr Datenschutz und Informationsfreiheit wenden (<a href=\"https:\/\/www.datenschutz-berlin.de\/beschwerde.html\">https:\/\/www.datenschutz-berlin.de\/\/beschwerde.html<\/a>).<\/p>\n\n\n<p><\/p>\n<div class=\"shariff shariff-align-left shariff-widget-align-left\"><ul class=\"shariff-buttons theme-round orientation-horizontal buttonsize-medium\"><li class=\"shariff-button twitter shariff-nocustomcolor\" style=\"background-color:#595959;border-radius:25%\"><a href=\"https:\/\/twitter.com\/share?url=https%3A%2F%2Fwww.maximilianvonthien.de%2Findex.php%2Fprivacy%2F&text=Datenschutz\" title=\"Bei X teilen\" aria-label=\"Bei X teilen\" role=\"button\" rel=\"noopener nofollow\" class=\"shariff-link\" style=\";border-radius:25%; background-color:#000; color:#fff\" target=\"_blank\"><span class=\"shariff-icon\" style=\"\"><svg width=\"32px\" height=\"20px\" xmlns=\"http:\/\/www.w3.org\/2000\/svg\" viewBox=\"0 0 24 24\"><path fill=\"#000\" d=\"M14.258 10.152L23.176 0h-2.113l-7.747 8.813L7.133 0H0l9.352 13.328L0 23.973h2.113l8.176-9.309 6.531 9.309h7.133zm-2.895 3.293l-.949-1.328L2.875 1.56h3.246l6.086 8.523.945 1.328 7.91 11.078h-3.246zm0 0\"\/><\/svg><\/span><\/a><\/li><li class=\"shariff-button linkedin shariff-nocustomcolor\" style=\"background-color:#1488bf;border-radius:25%\"><a href=\"https:\/\/www.linkedin.com\/sharing\/share-offsite\/?url=https%3A%2F%2Fwww.maximilianvonthien.de%2Findex.php%2Fprivacy%2F\" title=\"Bei LinkedIn teilen\" aria-label=\"Bei LinkedIn teilen\" role=\"button\" rel=\"noopener nofollow\" class=\"shariff-link\" style=\";border-radius:25%; background-color:#0077b5; color:#fff\" target=\"_blank\"><span class=\"shariff-icon\" style=\"\"><svg width=\"32px\" height=\"20px\" xmlns=\"http:\/\/www.w3.org\/2000\/svg\" viewBox=\"0 0 27 32\"><path fill=\"#0077b5\" d=\"M6.2 11.2v17.7h-5.9v-17.7h5.9zM6.6 5.7q0 1.3-0.9 2.2t-2.4 0.9h0q-1.5 0-2.4-0.9t-0.9-2.2 0.9-2.2 2.4-0.9 2.4 0.9 0.9 2.2zM27.4 18.7v10.1h-5.9v-9.5q0-1.9-0.7-2.9t-2.3-1.1q-1.1 0-1.9 0.6t-1.2 1.5q-0.2 0.5-0.2 1.4v9.9h-5.9q0-7.1 0-11.6t0-5.3l0-0.9h5.9v2.6h0q0.4-0.6 0.7-1t1-0.9 1.6-0.8 2-0.3q3 0 4.9 2t1.9 6z\"\/><\/svg><\/span><\/a><\/li><\/ul><\/div>","protected":false},"excerpt":{"rendered":"<p>Diese Seite enth\u00e4lt Informationen \u00fcber die Verarbeitung personenbezogener Daten auf http:\/\/www.maximilianvonthien.de (&#171;die Webseite&#187;). &#171;Personenbezogene Daten&#187; gem\u00e4\u00df Art. 4 Nr. 1 der Datenschutzgrundverordnung (DSGVO) meint alle Daten, mithilfe derer Sie pers\u00f6nlich identifiziert werden k\u00f6nnen oder identifizierbar sind, z. B. Ihr Name, Ihre Anschrift, Ihre E-Mail-Adresse oder Ihr Nutzerverhalten. &#171;Verantwortlicher&#187; gem\u00e4\u00df Art. 4 Nr. 7 DSGVO ist [&hellip;]<\/p>\n","protected":false},"author":1,"featured_media":0,"parent":0,"menu_order":0,"comment_status":"closed","ping_status":"closed","template":"","meta":{"footnotes":""},"class_list":["post-355","page","type-page","status-publish","hentry"],"_links":{"self":[{"href":"https:\/\/www.maximilianvonthien.de\/index.php\/wp-json\/wp\/v2\/pages\/355"}],"collection":[{"href":"https:\/\/www.maximilianvonthien.de\/index.php\/wp-json\/wp\/v2\/pages"}],"about":[{"href":"https:\/\/www.maximilianvonthien.de\/index.php\/wp-json\/wp\/v2\/types\/page"}],"author":[{"embeddable":true,"href":"https:\/\/www.maximilianvonthien.de\/index.php\/wp-json\/wp\/v2\/users\/1"}],"replies":[{"embeddable":true,"href":"https:\/\/www.maximilianvonthien.de\/index.php\/wp-json\/wp\/v2\/comments?post=355"}],"version-history":[{"count":63,"href":"https:\/\/www.maximilianvonthien.de\/index.php\/wp-json\/wp\/v2\/pages\/355\/revisions"}],"predecessor-version":[{"id":690,"href":"https:\/\/www.maximilianvonthien.de\/index.php\/wp-json\/wp\/v2\/pages\/355\/revisions\/690"}],"wp:attachment":[{"href":"https:\/\/www.maximilianvonthien.de\/index.php\/wp-json\/wp\/v2\/media?parent=355"}],"curies":[{"name":"wp","href":"https:\/\/api.w.org\/{rel}","templated":true}]}}