{"id":16,"date":"2013-04-07T14:23:26","date_gmt":"2013-04-07T12:23:26","guid":{"rendered":"http:\/\/www.maximilianvonthien.de\/wp\/wordpress\/?page_id=16"},"modified":"2024-10-19T18:15:41","modified_gmt":"2024-10-19T16:15:41","slug":"imprint","status":"publish","type":"page","link":"https:\/\/www.maximilianvonthien.de\/index.php\/imprint\/","title":{"rendered":"Impressum"},"content":{"rendered":"<h4>Hinweise gem. \u00a7 5 Abs. 1 DDG und \u00a7 18 Abs. 2 des Medienstaatsvertrages (MStV) f\u00fcr diese Webseite<\/h4>\n<p>Betreiber der Webseite, des Blogs: Dr. Maximilian Vonthien<br \/>\nAdresse: Gartenstra\u00dfe 32, 13127 Berlin<br \/>\nE-Mail: k&#111;&#x6e;&#x74;a&#107;&#116;&#x40;&#x6d;a&#120;&#105;&#x6d;&#x69;l&#105;&#x61;&#x6e;&#x76;o&#110;&#x74;&#x68;i&#101;&#110;&#x2e;&#x64;e<\/p>\n<p>Verantwortliche Person gem\u00e4\u00df \u00a7 18 Abs. 2 des Medienstaatsvertrages f\u00fcr diese Webseite und den Blog: Maximilian Vonthien, Gartenstra\u00dfe 32, 13127 Berlin<\/p>\n<h4><strong>Weitere Angaben:<\/strong><\/h4>\n<p>Der Betreiber der Webseite und des Blogs ist f\u00fcr eigene Inhalte, welche er auf der Webseite und dem Blog zur Verf\u00fcgung stellt, nach den allgemeinen Gesetzen verantwortlich. S\u00e4mtliche Inhalte werden mit der gebotenen Sorgfalt und nach bestem Wissen erstellt.<\/p>\n<p>In F\u00e4llen, in denen auf Internetseiten Dritter verwiesen wird, wird keine Gew\u00e4hrt f\u00fcr Aktualit\u00e4t, Richtigkeit und Vollst\u00e4ndigkeit der verlinkten Inhalte \u00fcbernommen, da solche Inhalte jenseits des Verantwortungsbereichs des Betreibers liegen und dieser keinerlei Einflussm\u00f6glichkeit auf die Gestaltung solcher Internetseiten hat.<\/p>\n<div class=\"shariff shariff-align-left shariff-widget-align-left\"><ul class=\"shariff-buttons theme-round orientation-horizontal buttonsize-medium\"><li class=\"shariff-button twitter shariff-nocustomcolor\" style=\"background-color:#595959;border-radius:25%\"><a href=\"https:\/\/twitter.com\/share?url=https%3A%2F%2Fwww.maximilianvonthien.de%2Findex.php%2Fimprint%2F&text=Impressum\" title=\"Bei X teilen\" aria-label=\"Bei X teilen\" role=\"button\" rel=\"noopener nofollow\" class=\"shariff-link\" style=\";border-radius:25%; background-color:#000; color:#fff\" target=\"_blank\"><span class=\"shariff-icon\" style=\"\"><svg width=\"32px\" height=\"20px\" xmlns=\"http:\/\/www.w3.org\/2000\/svg\" viewBox=\"0 0 24 24\"><path fill=\"#000\" d=\"M14.258 10.152L23.176 0h-2.113l-7.747 8.813L7.133 0H0l9.352 13.328L0 23.973h2.113l8.176-9.309 6.531 9.309h7.133zm-2.895 3.293l-.949-1.328L2.875 1.56h3.246l6.086 8.523.945 1.328 7.91 11.078h-3.246zm0 0\"\/><\/svg><\/span><\/a><\/li><li class=\"shariff-button linkedin shariff-nocustomcolor\" style=\"background-color:#1488bf;border-radius:25%\"><a href=\"https:\/\/www.linkedin.com\/sharing\/share-offsite\/?url=https%3A%2F%2Fwww.maximilianvonthien.de%2Findex.php%2Fimprint%2F\" title=\"Bei LinkedIn teilen\" aria-label=\"Bei LinkedIn teilen\" role=\"button\" rel=\"noopener nofollow\" class=\"shariff-link\" style=\";border-radius:25%; background-color:#0077b5; color:#fff\" target=\"_blank\"><span class=\"shariff-icon\" style=\"\"><svg width=\"32px\" height=\"20px\" xmlns=\"http:\/\/www.w3.org\/2000\/svg\" viewBox=\"0 0 27 32\"><path fill=\"#0077b5\" d=\"M6.2 11.2v17.7h-5.9v-17.7h5.9zM6.6 5.7q0 1.3-0.9 2.2t-2.4 0.9h0q-1.5 0-2.4-0.9t-0.9-2.2 0.9-2.2 2.4-0.9 2.4 0.9 0.9 2.2zM27.4 18.7v10.1h-5.9v-9.5q0-1.9-0.7-2.9t-2.3-1.1q-1.1 0-1.9 0.6t-1.2 1.5q-0.2 0.5-0.2 1.4v9.9h-5.9q0-7.1 0-11.6t0-5.3l0-0.9h5.9v2.6h0q0.4-0.6 0.7-1t1-0.9 1.6-0.8 2-0.3q3 0 4.9 2t1.9 6z\"\/><\/svg><\/span><\/a><\/li><\/ul><\/div>","protected":false},"excerpt":{"rendered":"<p>Hinweise gem. \u00a7 5 Abs. 1 DDG und \u00a7 18 Abs. 2 des Medienstaatsvertrages (MStV) f\u00fcr diese Webseite Betreiber der Webseite, des Blogs: Dr. Maximilian Vonthien Adresse: Gartenstra\u00dfe 32, 13127 Berlin E-Mail: Verantwortliche Person gem\u00e4\u00df \u00a7 18 Abs. 2 des Medienstaatsvertrages f\u00fcr diese Webseite und den Blog: Maximilian Vonthien, Gartenstra\u00dfe 32, 13127 Berlin Weitere Angaben: [&hellip;]<\/p>\n","protected":false},"author":1,"featured_media":0,"parent":0,"menu_order":0,"comment_status":"closed","ping_status":"open","template":"","meta":{"footnotes":""},"class_list":["post-16","page","type-page","status-publish","hentry"],"_links":{"self":[{"href":"https:\/\/www.maximilianvonthien.de\/index.php\/wp-json\/wp\/v2\/pages\/16"}],"collection":[{"href":"https:\/\/www.maximilianvonthien.de\/index.php\/wp-json\/wp\/v2\/pages"}],"about":[{"href":"https:\/\/www.maximilianvonthien.de\/index.php\/wp-json\/wp\/v2\/types\/page"}],"author":[{"embeddable":true,"href":"https:\/\/www.maximilianvonthien.de\/index.php\/wp-json\/wp\/v2\/users\/1"}],"replies":[{"embeddable":true,"href":"https:\/\/www.maximilianvonthien.de\/index.php\/wp-json\/wp\/v2\/comments?post=16"}],"version-history":[{"count":29,"href":"https:\/\/www.maximilianvonthien.de\/index.php\/wp-json\/wp\/v2\/pages\/16\/revisions"}],"predecessor-version":[{"id":689,"href":"https:\/\/www.maximilianvonthien.de\/index.php\/wp-json\/wp\/v2\/pages\/16\/revisions\/689"}],"wp:attachment":[{"href":"https:\/\/www.maximilianvonthien.de\/index.php\/wp-json\/wp\/v2\/media?parent=16"}],"curies":[{"name":"wp","href":"https:\/\/api.w.org\/{rel}","templated":true}]}}